{"id":920,"date":"2017-01-03T01:27:15","date_gmt":"2017-01-03T00:27:15","guid":{"rendered":"https:\/\/hotelartsantander.com\/?page_id=920"},"modified":"2020-01-27T09:48:04","modified_gmt":"2020-01-27T08:48:04","slug":"politica-general","status":"publish","type":"page","link":"https:\/\/hotelartsantander.com\/?page_id=920","title":{"rendered":"POLITICA GENERAL"},"content":{"rendered":"<\/p>\n<p><strong>T\u00e9rminos generales y condiciones legales<\/strong><\/p>\n<p><strong>1. INTRODUCCI\u00d3N<\/strong><\/p>\n<p>El presente documento tiene por finalidad regular los TERMINOS o CONDICIONES GENERALES DE CONTRATACI\u00d3N de los servicios de Pre-Reserva y Reserva on-line de HOTEL ART SANTANDER, S.L. con domicilio social en Santander, C\/Santa Teresa de Jes\u00fas n\u00ba 20, 39003 Santander (Cantabria), y C.I.F. B-39.662.515. Telf. 942 10 90 90.<\/p>\n<p>La utilizaci\u00f3n de estos servicios, supondr\u00e1 la aceptaci\u00f3n plena y sin reservas, y la validez, de todos y cada uno de los T\u00e9rminos y\/o Condiciones Generales -que se considerar\u00e1n autom\u00e1ticamente incorporadas en el contrato que se suscriba con Hotel Art Santander, sin que sea necesaria su trascripci\u00f3n escrita en el mismo- recogidas en la \u00faltima versi\u00f3n actualizada de estos T\u00e9rminos y\/o Condiciones Generales.<\/p>\n<p><strong>2. CONDICIONES GENERALES DE CONTRATACI\u00d3N<\/strong><\/p>\n<p>ATENCI\u00d3N: Revise cuidadosamente los detalles de su reserva as\u00ed como el contenido de estas Condiciones Generales antes de proceder a la aceptaci\u00f3n.<\/p>\n<ul>\n<li>&#8211; Horario de llegada al establecimiento tur\u00edstico: 14:00 hrs<\/li>\n<li>&#8211; Horario de salida del establecimiento tur\u00edstico: 12:00 hrs<\/li>\n<\/ul>\n<p><strong><em>Procedimiento de contrataci\u00f3n:<\/em><\/strong> Los medios por los cuales se puede efectuar una reserva de forma directa son:<\/p>\n<ul>\n<li>A trav\u00e9s del sitio web. www.hotelartsantander.com<\/li>\n<li>V\u00eda email: reservas@hotelartsantander.com<\/li>\n<li>V\u00eda telef\u00f3nica: 942 10 90 90<\/li>\n<\/ul>\n<p><strong><em>Garant\u00eda<\/em><\/strong>: La reserva queda confirmada y garantizada con tarjeta de cr\u00e9dito. En caso de no presentarse en el hotel sin previo aviso o fuera del periodo gratuito de cancelaci\u00f3n, se le cobrar\u00e1 la primera noche de estancia (IVA y tasas incluidas).<\/p>\n<p><strong><em>Resoluci\u00f3n del contrato o cancelaci\u00f3n de la reserva:<\/em><\/strong> La tarjeta de cr\u00e9dito es s\u00f3lo un medio de garant\u00eda. La cancelaci\u00f3n de reservas por el usuario no le ocasionar\u00e1 gastos de cancelaci\u00f3n anticipada, siempre y cuando \u00e9sta se efect\u00fae antes de la hora establecida como l\u00edmite del d\u00eda de llegada.<\/p>\n<p>Esta cl\u00e1usula no es v\u00e1lida para reservas realizadas con tarifas especiales. En este caso, se aplicar\u00e1n las respectivas condiciones establecidas.<strong><em>Precios por habitaci\u00f3n y noche:<\/em><\/strong> Los precios s\u00f3lo son v\u00e1lidos por escrito y durante el plazo que en ellos se indique. Cuando existan razones justificables, Hotel Art se reserva el derecho de modificar estas tarifas sin previo aviso.&nbsp;Los precios relativos a la reserva se le indicaran durante el proceso de reserva. Los precios que se muestran en el momento de la reserva incluyen IVA (o el impuesto equivalente) seg\u00fan la tarifa impositiva aplicable en el momento.<\/p>\n<p><strong><em>Compromiso moral:<\/em><\/strong> El usuario se compromete utilizar los servicios de manera acorde a la Ley, moral, buenas costumbres y orden p\u00fablico, as\u00ed como con lo dispuesto en los presentes T\u00e9rminos y\/o Condiciones Generales de contrataci\u00f3n. En consecuencia, queda obligado a no utilizar los servicios, con fines o efectos il\u00edcitos y\/o contrarios a lo establecido en los presentes T\u00e9rminos y\/o Condiciones Generales de contrataci\u00f3n, lesivos de derechos y\/o intereses de terceros o que, de cualquier forma, puedan da\u00f1ar los servicios.<\/p>\n<p><strong>3. CONDICIONES DE RESERVA<\/strong>Condiciones de cancelaci\u00f3n: Reservas realizadas directamente con el establecimiento o su propia web, tienen hasta las 12 del mediod\u00eda del d\u00eda anterior al d\u00eda de su llegada para poder realizar la cancelaci\u00f3n sin ning\u00fan cargo. En caso contrario, el establecimiento cargara el 100% del importe de la primera noche.Salidas anticipadas: Una vez alojado en el establecimiento si desea salir anticipadamente deber\u00e1n informarlo en recepci\u00f3n con una antelaci\u00f3n de 24 horas, en caso de comunicarlo fuera de plazo se cobrar\u00e1 el importe de ese d\u00eda.Tarjeta de cr\u00e9dito:- La tarjeta de cr\u00e9dito o d\u00e9bito utilizada al reservar debe presentarse al hacer el registro de entrada.- Si la reserva ha sido abonada por un familiar o una empresa, hay que ponerse en contacto con el hotel para obtener una autorizaci\u00f3n a terceros que debe rellenarse antes de la llegada. El titular de la tarjeta debe rellenar y firmar esta autorizaci\u00f3n.- En el caso de las reservas no reembolsables, hay que presentar la tarjeta de cr\u00e9dito utilizada al reservar durante el registro de entrada.- El establecimiento preautoriza la tarjeta 5 d\u00edas antes de la llegadaPlaza de aparcamiento: el hotel dispone de aparcamiento gratuito en plazas interiores\/ exteriores. El parking es gratuito y deber\u00e1 solicitarse con antelaci\u00f3n. En caso de haberlo reservado es necesario indicar hora de llegada y modelo del veh\u00edculo.<\/p>\n<p><strong>4. CONDICIONES GENERALES<\/strong>Prohibido fumar en todo el establecimiento: Cualquier desperfecto producido por esta norma ser\u00e1 cargado contra la tarjeta facilitada como garant\u00eda.Menores:- No se permite la estancia de ni\u00f1os menores de 12 a\u00f1os- No se admiten hu\u00e9spedes mayores de 12 y menores de 18 a\u00f1os que no vaya acompa\u00f1ados de uno de sus progenitores o de su tutor legal. M\u00e1ximo 2 personas por habitaci\u00f3nCondiciones para grupos:El establecimiento considera las reservas de 3 o m\u00e1s habitaciones reservas de grupo y pueden estar sujetas a condiciones especialesAnimales de compa\u00f1\u00eda no permitidos<\/p>\n<p><strong>5. PROTECCI\u00d3N DE LOS DATOS PERSONALES<\/strong><\/p>\n<p>De acuerdo con lo que establece la Ley Org\u00e1nica de Protecci\u00f3n de Datos (LOPD) 15\/1999, le informamos que los datos personales recogidos ser\u00e1n incluidos en un fichero bajo la responsabilidad de Hotel Art Santander, S.L. quien asume el uso responsable y confidencial de los datos garantizando su uso de acuerdo con las exigencias legales y que s\u00f3lo ser\u00e1n utilizados para llevar a cabo nuestras tareas de administraci\u00f3n y comunicaci\u00f3n. Puede ejercer sus derechos de acceso, rectificaci\u00f3n, cancelaci\u00f3n y oposici\u00f3n en: Hotel Art Santander- C\/Santa Teresa de Jes\u00fas, 20- 39003, Santander (Cantabria)<\/p>\n<p><strong>6. NORMAS DEL ESTABLECIMIENTO<\/strong><\/p>\n<p>a) La pol\u00edtica del hotel es S\u00d3LO ADULTOS, por lo que no se permitir\u00e1 la estancia de ni\u00f1os menores de 12 a\u00f1os.<\/p>\n<p>b) SE PROH\u00cdBE FUMAR EN TODO EL ESTABLECIMIENTO. Cualquier desperfecto producido por el incumplimiento de esta norma ser\u00e1 cargado contra tarjeta facilitada como garant\u00eda.<\/p>\n<p>c) ANIMALES DE COMPA\u00d1\u00cdA NO EST\u00c1N PERMITIDOS<\/p>\n","protected":false},"excerpt":{"rendered":"<p>T\u00e9rminos generales y condiciones legales 1. INTRODUCCI\u00d3N El presente documento tiene por finalidad regular los TERMINOS o CONDICIONES GENERALES DE CONTRATACI\u00d3N de los servicios de Pre-Reserva y Reserva on-line de HOTEL ART SANTANDER, S.L. con domicilio social en Santander, C\/Santa Teresa de Jes\u00fas n\u00ba 20, 39003 Santander (Cantabria), y C.I.F. B-39.662.515. Telf. 942 10 90 &#8230; <a title=\"POLITICA GENERAL\" class=\"read-more\" href=\"https:\/\/hotelartsantander.com\/?page_id=920\" aria-label=\"M\u00e1s en POLITICA GENERAL\">Leer m\u00e1s<\/a><\/p>\n","protected":false},"author":7,"featured_media":0,"parent":0,"menu_order":0,"comment_status":"closed","ping_status":"closed","template":"","meta":{"footnotes":""},"class_list":["post-920","page","type-page","status-publish"],"_links":{"self":[{"href":"https:\/\/hotelartsantander.com\/index.php?rest_route=\/wp\/v2\/pages\/920","targetHints":{"allow":["GET"]}}],"collection":[{"href":"https:\/\/hotelartsantander.com\/index.php?rest_route=\/wp\/v2\/pages"}],"about":[{"href":"https:\/\/hotelartsantander.com\/index.php?rest_route=\/wp\/v2\/types\/page"}],"author":[{"embeddable":true,"href":"https:\/\/hotelartsantander.com\/index.php?rest_route=\/wp\/v2\/users\/7"}],"replies":[{"embeddable":true,"href":"https:\/\/hotelartsantander.com\/index.php?rest_route=%2Fwp%2Fv2%2Fcomments&post=920"}],"version-history":[{"count":3,"href":"https:\/\/hotelartsantander.com\/index.php?rest_route=\/wp\/v2\/pages\/920\/revisions"}],"predecessor-version":[{"id":1431,"href":"https:\/\/hotelartsantander.com\/index.php?rest_route=\/wp\/v2\/pages\/920\/revisions\/1431"}],"wp:attachment":[{"href":"https:\/\/hotelartsantander.com\/index.php?rest_route=%2Fwp%2Fv2%2Fmedia&parent=920"}],"curies":[{"name":"wp","href":"https:\/\/api.w.org\/{rel}","templated":true}]}}