{"id":2140,"date":"2023-06-26T20:06:30","date_gmt":"2023-06-26T18:06:30","guid":{"rendered":"https:\/\/hotelartsantander.com\/?page_id=2140"},"modified":"2023-06-26T20:07:44","modified_gmt":"2023-06-26T18:07:44","slug":"habitaciones-interiores-twin","status":"publish","type":"page","link":"https:\/\/hotelartsantander.com\/?page_id=2140","title":{"rendered":"HABITACIONES INTERIORES TWIN"},"content":{"rendered":"<h1 style=\"margin-bottom: 10px !important;\"><b>HABITACIONES INTERIORES TWIN<\/b><\/h1>\n<p><span><img decoding=\"async\" alt=\"\" src=\"https:\/\/hotelartsantander.com\/wp-content\/uploads\/2016\/07\/cropped-imagotipo_art-hotel.png\" style=\"\" width=\"40\" height=\"39\"><\/span><\/p>\n<p style=\"margin-bottom: 0px !important;\">Esta habitaci\u00f3n est\u00e1 compuesta por dos camas individuales y colchones de la marca King Koil.Cuarto de ba\u00f1o completo: ducha efecto lluvia, secador, planchas de pelo, toiletries,&#8230;&nbsp;Televisi\u00f3n de 52 pulgadas, tel\u00e9fono, caja fuerte, servicio despertador, Wi-Fi de alta velocidad, aire acondicionado y calefacci\u00f3n.<span>NO <\/span><span>FUMADORES<\/span><\/p>\n<p>\n\t\t\t<!-- START Flecha abajo REVOLUTION SLIDER 6.6.20 --><p class=\"rs-p-wp-fix\"><\/p>\n\t\t\t<rs-module-wrap id=\"rev_slider_17_1_wrapper\" data-source=\"gallery\" style=\"visibility:hidden;background:transparent;padding:0;margin:0px auto;margin-top:0;margin-bottom:0;\">\n\t\t\t\t<rs-module id=\"rev_slider_17_1\" style=\"\" data-version=\"6.6.20\">\n\t\t\t\t\t<rs-slides style=\"overflow: hidden; position: absolute;\">\n\t\t\t\t\t\t<rs-slide style=\"position: absolute;\" data-key=\"rs-60\" data-title=\"Slide\" data-anim=\"adpr:false;\">\n\t\t\t\t\t\t\t<img decoding=\"async\" src=\"\/\/hotelartsantander.com\/wp-content\/plugins\/revslider\/public\/assets\/assets\/dummy.png\" alt=\"Slide\" title=\"HABITACIONES INTERIORES TWIN\" class=\"rev-slidebg tp-rs-img rs-lazyload\" data-lazyload=\"\/\/hotelartsantander.com\/wp-content\/plugins\/revslider\/public\/assets\/assets\/transparent.png\" data-no-retina>\n<!--\n\t\t\t\t\t\t\t--><rs-layer\n\t\t\t\t\t\t\t\tid=\"slider-17-slide-60-layer-1\" \n\t\t\t\t\t\t\t\tclass=\"rs-svg\"\n\t\t\t\t\t\t\t\tdata-type=\"svg\"\n\t\t\t\t\t\t\t\tdata-color=\"rgba(241,143,74,1)\"\n\t\t\t\t\t\t\t\tdata-rsp_ch=\"on\"\n\t\t\t\t\t\t\t\tdata-xy=\"x:c;y:c;\"\n\t\t\t\t\t\t\t\tdata-text=\"w:normal;fw:100;\"\n\t\t\t\t\t\t\t\tdata-dim=\"w:100px;h:100px;\"\n\t\t\t\t\t\t\t\tdata-actions='o:click;a:scrollbelow;sp:300;e:none;'\n\t\t\t\t\t\t\t\tdata-svg_src=\"\/\/hotelartsantander.com\/wp-content\/plugins\/revslider\/public\/assets\/assets\/svg\/navigation\/ic_expand_more_36px.svg\"\n\t\t\t\t\t\t\t\tdata-svgi=\"c:rgba(241,143,74,1);\"\n\t\t\t\t\t\t\t\tdata-frame_0=\"tp:600;\"\n\t\t\t\t\t\t\t\tdata-frame_1=\"tp:600;e:power2.inOut;st:500;\"\n\t\t\t\t\t\t\t\tdata-frame_999=\"o:0;tp:600;e:nothing;st:w;\"\n\t\t\t\t\t\t\t\tdata-loop_0=\"y:15;\"\n\t\t\t\t\t\t\t\tdata-loop_999=\"sp:600;e:power3.inOut;yym:t;yys:t;yyf:t;\"\n\t\t\t\t\t\t\t\tstyle=\"z-index:5;font-family:'';cursor:pointer;\"\n\t\t\t\t\t\t\t> \n\t\t\t\t\t\t\t<\/rs-layer><!--\n-->\t\t\t\t\t\t<\/rs-slide>\n\t\t\t\t\t<\/rs-slides>\n\t\t\t\t<\/rs-module>\n\t\t\t\t<script>\n\t\t\t\t\tsetREVStartSize({c: 'rev_slider_17_1',rl:[1240,1024,768,480],el:[],gw:[100],gh:[100],type:'standard',justify:'',layout:'fullwidth',mh:\"0\"});if (window.RS_MODULES!==undefined && window.RS_MODULES.modules!==undefined && window.RS_MODULES.modules[\"revslider171\"]!==undefined) {window.RS_MODULES.modules[\"revslider171\"].once = false;window.revapi17 = undefined;if (window.RS_MODULES.checkMinimal!==undefined) window.RS_MODULES.checkMinimal()}\n\t\t\t\t<\/script>\n\t\t\t<\/rs-module-wrap>\n\t\t\t<!-- END REVOLUTION SLIDER -->\n\n\t\t\t<!-- START PreviewDobleIndivi REVOLUTION SLIDER 6.6.20 --><p class=\"rs-p-wp-fix\"><\/p>\n\t\t\t<rs-module-wrap id=\"rev_slider_16_2_wrapper\" data-source=\"gallery\" style=\"visibility:hidden;background:transparent;padding:0;margin:0px auto;margin-top:0;margin-bottom:0;\">\n\t\t\t\t<rs-module id=\"rev_slider_16_2\" style=\"\" data-version=\"6.6.20\">\n\t\t\t\t\t<rs-slides style=\"overflow: hidden; position: absolute;\">\n\t\t\t\t\t\t<rs-slide style=\"position: absolute;\" data-key=\"rs-55\" data-title=\"1\" data-thumb=\"\/\/hotelartsantander.com\/wp-content\/uploads\/2016\/07\/MRA8914-100x50.jpg\" data-duration=\"4490\" data-in=\"o:0;x:100%;\" data-out=\"a:false;\">\n\t\t\t\t\t\t\t<img decoding=\"async\" src=\"\/\/hotelartsantander.com\/wp-content\/plugins\/revslider\/public\/assets\/assets\/dummy.png\" alt=\"\" title=\"HABITACIONES INTERIORES TWIN\" class=\"rev-slidebg tp-rs-img rs-lazyload\" data-lazyload=\"\/\/hotelartsantander.com\/wp-content\/uploads\/2016\/07\/MRA8914.jpg\" data-no-retina>\n<!---->\t\t\t\t\t\t<\/rs-slide>\n\t\t\t\t\t\t<rs-slide style=\"position: absolute;\" data-key=\"rs-57\" data-title=\"3\" data-thumb=\"\/\/hotelartsantander.com\/wp-content\/uploads\/2016\/07\/MRA8899-100x50.jpg\" data-duration=\"4490\" data-in=\"o:0;x:100%;\" data-out=\"a:false;\">\n\t\t\t\t\t\t\t<img decoding=\"async\" src=\"\/\/hotelartsantander.com\/wp-content\/plugins\/revslider\/public\/assets\/assets\/dummy.png\" alt=\"\" title=\"HABITACIONES INTERIORES TWIN\" class=\"rev-slidebg tp-rs-img rs-lazyload\" data-lazyload=\"\/\/hotelartsantander.com\/wp-content\/uploads\/2016\/07\/MRA8899.jpg\" data-no-retina>\n<!---->\t\t\t\t\t\t<\/rs-slide>\n\t\t\t\t\t\t<rs-slide style=\"position: absolute;\" data-key=\"rs-56\" data-title=\"2\" data-thumb=\"\/\/hotelartsantander.com\/wp-content\/uploads\/2016\/07\/MRA8904-100x50.jpg\" data-duration=\"4510\" data-in=\"o:0;x:100%;\" data-out=\"a:false;\">\n\t\t\t\t\t\t\t<img decoding=\"async\" src=\"\/\/hotelartsantander.com\/wp-content\/plugins\/revslider\/public\/assets\/assets\/dummy.png\" alt=\"\" title=\"HABITACIONES INTERIORES TWIN\" class=\"rev-slidebg tp-rs-img rs-lazyload\" data-lazyload=\"\/\/hotelartsantander.com\/wp-content\/uploads\/2016\/07\/MRA8904.jpg\" data-no-retina>\n<!---->\t\t\t\t\t\t<\/rs-slide>\n\t\t\t\t\t\t<rs-slide style=\"position: absolute;\" data-key=\"rs-58\" data-title=\"3\" data-thumb=\"\/\/hotelartsantander.com\/wp-content\/uploads\/2016\/07\/MRA8911-100x50.jpg\" data-duration=\"4490\" data-in=\"o:0;x:100%;\" data-out=\"a:false;\">\n\t\t\t\t\t\t\t<img decoding=\"async\" src=\"\/\/hotelartsantander.com\/wp-content\/plugins\/revslider\/public\/assets\/assets\/dummy.png\" alt=\"\" title=\"HABITACIONES INTERIORES TWIN\" class=\"rev-slidebg tp-rs-img rs-lazyload\" data-lazyload=\"\/\/hotelartsantander.com\/wp-content\/uploads\/2016\/07\/MRA8911.jpg\" data-no-retina>\n<!---->\t\t\t\t\t\t<\/rs-slide>\n\t\t\t\t\t<\/rs-slides>\n\t\t\t\t\t<rs-static-layers class=\"rs-stl-visible\"><!--\n\n\t\t\t\t\t\t\t--><rs-layer\n\t\t\t\t\t\t\t\tid=\"slider-16-slide-13-layer-3\" \n\t\t\t\t\t\t\t\tclass=\"Hero-Button rev-btn rs-selectable rs-layer-static\"\n\t\t\t\t\t\t\t\tdata-type=\"button\"\n\t\t\t\t\t\t\t\tdata-color=\"rgba(255,255,255,1)\"\n\t\t\t\t\t\t\t\tdata-xy=\"x:c;y:591px;\"\n\t\t\t\t\t\t\t\tdata-text=\"s:14;l:14;fw:600;\"\n\t\t\t\t\t\t\t\tdata-actions='o:click;a:simplelink;target:_self;url:https:\/\/www.secure-hotel-booking.com\/smart\/Hotel-Art-Santander\/256Q\/es\/;'\n\t\t\t\t\t\t\t\tdata-rsp_bd=\"off\"\n\t\t\t\t\t\t\t\tdata-onslides=\"s:1;\"\n\t\t\t\t\t\t\t\tdata-padding=\"t:10;r:30;b:10;l:30;\"\n\t\t\t\t\t\t\t\tdata-border=\"bos:solid;boc:rgba(255,255,255,0.50);bow:1,1,1,1;\"\n\t\t\t\t\t\t\t\tdata-frame_0=\"tp:600;\"\n\t\t\t\t\t\t\t\tdata-frame_1=\"tp:600;e:power2.inOut;st:500;\"\n\t\t\t\t\t\t\t\tdata-frame_999=\"o:0;tp:600;e:nothing;st:w;\"\n\t\t\t\t\t\t\t\tdata-frame_hover=\"c:#f18f4a;bgc:#fff;boc:#fff;bor:0px,0px,0px,0px;bos:solid;bow:1,1,1,1;oX:50;oY:50;e:power1.inOut;\"\n\t\t\t\t\t\t\t\tstyle=\"z-index:5;background-color:rgba(255,255,255,0.50);font-family:'Josefin Sans';cursor:pointer;outline:none;box-shadow:none;box-sizing:border-box;-moz-box-sizing:border-box;-webkit-box-sizing:border-box;letter-spacing:3px;\"\n\t\t\t\t\t\t\t>RESERVAR \n\t\t\t\t\t\t\t<\/rs-layer><!--\n\t\t\t\t\t--><\/rs-static-layers>\n\t\t\t\t<\/rs-module>\n\t\t\t\t<script>\n\t\t\t\t\tsetREVStartSize({c: 'rev_slider_16_2',rl:[1240,1024,768,480],el:[],gw:[1080],gh:[700],type:'standard',justify:'',layout:'fullwidth',mh:\"0\"});if (window.RS_MODULES!==undefined && window.RS_MODULES.modules!==undefined && window.RS_MODULES.modules[\"revslider162\"]!==undefined) {window.RS_MODULES.modules[\"revslider162\"].once = false;window.revapi16 = undefined;if (window.RS_MODULES.checkMinimal!==undefined) window.RS_MODULES.checkMinimal()}\n\t\t\t\t<\/script>\n\t\t\t<\/rs-module-wrap>\n\t\t\t<!-- END REVOLUTION SLIDER -->\n<\/p>\n<p style=\"margin-bottom: 0px !important;\"><span>PUEDES CONOCER NUESTRAS PROMOCIONES<\/span><a href=\"http:\/\/localhost\/Hotel_Art\/category\/promociones\/\"><\/a><a href=\"https:\/\/hotelartsantander.com\/category\/promociones\/\">AQU\u00cd<\/a><\/p>\n","protected":false},"excerpt":{"rendered":"<p>HABITACIONES INTERIORES TWIN Esta habitaci\u00f3n est\u00e1 compuesta por dos camas individuales y colchones de la marca King Koil.Cuarto de ba\u00f1o completo: ducha efecto lluvia, secador, planchas de pelo, toiletries,&#8230;&nbsp;Televisi\u00f3n de 52 pulgadas, tel\u00e9fono, caja fuerte, servicio despertador, Wi-Fi de alta velocidad, aire acondicionado y calefacci\u00f3n.NO FUMADORES PUEDES CONOCER NUESTRAS PROMOCIONESAQU\u00cd<\/p>\n","protected":false},"author":7,"featured_media":0,"parent":0,"menu_order":0,"comment_status":"closed","ping_status":"closed","template":"","meta":{"footnotes":""},"class_list":["post-2140","page","type-page","status-publish"],"_links":{"self":[{"href":"https:\/\/hotelartsantander.com\/index.php?rest_route=\/wp\/v2\/pages\/2140","targetHints":{"allow":["GET"]}}],"collection":[{"href":"https:\/\/hotelartsantander.com\/index.php?rest_route=\/wp\/v2\/pages"}],"about":[{"href":"https:\/\/hotelartsantander.com\/index.php?rest_route=\/wp\/v2\/types\/page"}],"author":[{"embeddable":true,"href":"https:\/\/hotelartsantander.com\/index.php?rest_route=\/wp\/v2\/users\/7"}],"replies":[{"embeddable":true,"href":"https:\/\/hotelartsantander.com\/index.php?rest_route=%2Fwp%2Fv2%2Fcomments&post=2140"}],"version-history":[{"count":2,"href":"https:\/\/hotelartsantander.com\/index.php?rest_route=\/wp\/v2\/pages\/2140\/revisions"}],"predecessor-version":[{"id":2142,"href":"https:\/\/hotelartsantander.com\/index.php?rest_route=\/wp\/v2\/pages\/2140\/revisions\/2142"}],"wp:attachment":[{"href":"https:\/\/hotelartsantander.com\/index.php?rest_route=%2Fwp%2Fv2%2Fmedia&parent=2140"}],"curies":[{"name":"wp","href":"https:\/\/api.w.org\/{rel}","templated":true}]}}